{"id":155,"date":"2020-11-14T15:00:32","date_gmt":"2020-11-14T14:00:32","guid":{"rendered":"http:\/\/levinselongeorges.com\/?page_id=155"},"modified":"2021-04-25T11:44:26","modified_gmt":"2021-04-25T09:44:26","slug":"animations-oenologiques","status":"publish","type":"page","link":"https:\/\/levinselongeorges.com\/index.php\/animations-oenologiques\/","title":{"rendered":"ANIMATIONS OENOLOGIQUES"},"content":{"rendered":"\t\t<div data-elementor-type=\"wp-page\" data-elementor-id=\"155\" class=\"elementor elementor-155\" data-elementor-post-type=\"page\">\n\t\t\t\t\t\t<section class=\"elementor-section elementor-top-section elementor-element elementor-element-d1cb840 elementor-section-height-min-height elementor-section-boxed elementor-section-height-default elementor-section-items-middle\" data-id=\"d1cb840\" data-element_type=\"section\" data-settings=\"{&quot;background_background&quot;:&quot;classic&quot;}\">\n\t\t\t\t\t\t\t<div class=\"elementor-background-overlay\"><\/div>\n\t\t\t\t\t\t\t<div class=\"elementor-container elementor-column-gap-default\">\n\t\t\t\t\t<div class=\"elementor-column elementor-col-100 elementor-top-column elementor-element elementor-element-43f17ef8\" data-id=\"43f17ef8\" data-element_type=\"column\">\n\t\t\t<div class=\"elementor-widget-wrap elementor-element-populated\">\n\t\t\t\t\t\t<div class=\"elementor-element elementor-element-5cab5d79 elementor-widget elementor-widget-heading\" data-id=\"5cab5d79\" data-element_type=\"widget\" data-widget_type=\"heading.default\">\n\t\t\t\t<div class=\"elementor-widget-container\">\n\t\t\t<h2 class=\"elementor-heading-title elementor-size-large\">ANIMATIONS OENOLOGIQUES<\/h2>\t\t<\/div>\n\t\t\t\t<\/div>\n\t\t\t\t<div class=\"elementor-element elementor-element-7681d46a elementor-widget-divider--view-line elementor-widget elementor-widget-divider\" data-id=\"7681d46a\" data-element_type=\"widget\" data-widget_type=\"divider.default\">\n\t\t\t\t<div class=\"elementor-widget-container\">\n\t\t\t\t\t<div class=\"elementor-divider\">\n\t\t\t<span class=\"elementor-divider-separator\">\n\t\t\t\t\t\t<\/span>\n\t\t<\/div>\n\t\t\t\t<\/div>\n\t\t\t\t<\/div>\n\t\t\t\t<div class=\"elementor-element elementor-element-2c652c16 elementor-widget elementor-widget-heading\" data-id=\"2c652c16\" data-element_type=\"widget\" data-widget_type=\"heading.default\">\n\t\t\t\t<div class=\"elementor-widget-container\">\n\t\t\t<p class=\"elementor-heading-title elementor-size-medium\">D\u00e9couvrez de nombreuses animations ludiques sur mesures pour d\u00e9couvrir ou approfondir vos connaissances du monde viticole et de la d\u00e9gustation.\u00a0<\/p>\t\t<\/div>\n\t\t\t\t<\/div>\n\t\t\t\t\t<\/div>\n\t\t<\/div>\n\t\t\t\t\t<\/div>\n\t\t<\/section>\n\t\t\t\t<section class=\"elementor-section elementor-top-section elementor-element elementor-element-7b76c27b elementor-section-height-min-height elementor-section-content-middle elementor-reverse-mobile elementor-section-boxed elementor-section-height-default elementor-section-items-middle\" data-id=\"7b76c27b\" data-element_type=\"section\" data-settings=\"{&quot;background_background&quot;:&quot;none&quot;}\">\n\t\t\t\t\t\t<div class=\"elementor-container elementor-column-gap-default\">\n\t\t\t\t\t<div class=\"elementor-column elementor-col-50 elementor-top-column elementor-element elementor-element-33f4a7e6\" data-id=\"33f4a7e6\" data-element_type=\"column\">\n\t\t\t<div class=\"elementor-widget-wrap elementor-element-populated\">\n\t\t\t\t\t\t<div class=\"elementor-element elementor-element-181fad56 elementor-widget elementor-widget-image\" data-id=\"181fad56\" data-element_type=\"widget\" data-widget_type=\"image.default\">\n\t\t\t\t<div class=\"elementor-widget-container\">\n\t\t\t\t\t\t\t\t\t\t\t\t\t<img fetchpriority=\"high\" decoding=\"async\" width=\"2560\" height=\"1707\" src=\"https:\/\/levinselongeorges.com\/wp-content\/uploads\/2021\/01\/kelsey-chance-tAH2cA_BL5g-unsplash-scaled.jpg\" class=\"attachment-full size-full wp-image-456\" alt=\"Aperitifs oenologique\" srcset=\"https:\/\/levinselongeorges.com\/wp-content\/uploads\/2021\/01\/kelsey-chance-tAH2cA_BL5g-unsplash-scaled.jpg 2560w, https:\/\/levinselongeorges.com\/wp-content\/uploads\/2021\/01\/kelsey-chance-tAH2cA_BL5g-unsplash-300x200.jpg 300w, https:\/\/levinselongeorges.com\/wp-content\/uploads\/2021\/01\/kelsey-chance-tAH2cA_BL5g-unsplash-1024x683.jpg 1024w, https:\/\/levinselongeorges.com\/wp-content\/uploads\/2021\/01\/kelsey-chance-tAH2cA_BL5g-unsplash-768x512.jpg 768w, https:\/\/levinselongeorges.com\/wp-content\/uploads\/2021\/01\/kelsey-chance-tAH2cA_BL5g-unsplash-1536x1024.jpg 1536w, https:\/\/levinselongeorges.com\/wp-content\/uploads\/2021\/01\/kelsey-chance-tAH2cA_BL5g-unsplash-2048x1365.jpg 2048w\" sizes=\"(max-width: 2560px) 100vw, 2560px\" \/>\t\t\t\t\t\t\t\t\t\t\t\t\t<\/div>\n\t\t\t\t<\/div>\n\t\t\t\t\t<\/div>\n\t\t<\/div>\n\t\t\t\t<div class=\"elementor-column elementor-col-50 elementor-top-column elementor-element elementor-element-e99350f\" data-id=\"e99350f\" data-element_type=\"column\">\n\t\t\t<div class=\"elementor-widget-wrap elementor-element-populated\">\n\t\t\t\t\t\t<div class=\"elementor-element elementor-element-103cea35 elementor-widget-divider--view-line elementor-widget elementor-widget-divider\" data-id=\"103cea35\" data-element_type=\"widget\" data-widget_type=\"divider.default\">\n\t\t\t\t<div class=\"elementor-widget-container\">\n\t\t\t\t\t<div class=\"elementor-divider\">\n\t\t\t<span class=\"elementor-divider-separator\">\n\t\t\t\t\t\t<\/span>\n\t\t<\/div>\n\t\t\t\t<\/div>\n\t\t\t\t<\/div>\n\t\t\t\t<div class=\"elementor-element elementor-element-742d0896 elementor-widget elementor-widget-heading\" data-id=\"742d0896\" data-element_type=\"widget\" data-widget_type=\"heading.default\">\n\t\t\t\t<div class=\"elementor-widget-container\">\n\t\t\t<h3 class=\"elementor-heading-title elementor-size-large\">ANIMATIONs de groupe<\/h3>\t\t<\/div>\n\t\t\t\t<\/div>\n\t\t\t\t<div class=\"elementor-element elementor-element-6b6b0020 elementor-widget elementor-widget-text-editor\" data-id=\"6b6b0020\" data-element_type=\"widget\" data-widget_type=\"text-editor.default\">\n\t\t\t\t<div class=\"elementor-widget-container\">\n\t\t\t\t\t\t\t<p>S\u00e9ances ludiques d\u2019une heure trente \u00e0 deux heures.<\/p><p><strong>\u00ab\u00a0Apprenons \u00e0 d\u00e9guster\u00a0\u00bb<br \/><\/strong>En d\u00e9gustation tout est question de gout personnel, nous appr\u00e9cions plus ou moins chacun de mani\u00e8re diff\u00e9rente un vin. Cependant la fa\u00e7on de le percevoir et de le d\u00e9guster correspond \u00e0 un sch\u00e9ma unique et \u00e0 un vocabulaire propre \u00e0 la d\u00e9gustation qui ne s\u2019improvisent pas et qu\u2019il est facile d\u2019apprendre. 5 vins seront propos\u00e9s afin de mettre ceci en application.\u00a0<\/p><p><strong>\u00ab\u00a0Jouons avec les ar\u00f4mes\u00a0\u00bb<br \/><\/strong>Apprendre \u00e0 reconnaitre, diff\u00e9rencier et m\u00e9moriser les ar\u00f4mes \u00e0 l\u2019aide d\u2019une mallette olfactive afin de pouvoir les retrouver au cours la d\u00e9gustation des 5 vins qui vous seront propos\u00e9s.<strong><br \/><\/strong><\/p><p><strong>\u00ab\u00a0D\u00e9couvrons les secrets du Champagne\u00a0\u00bb<br \/><\/strong>Blanc de blanc, blanc de noir, d\u00e9gorgeage, mill\u00e9sim\u00e9, prise de mousse, brut&#8230;comment un vin tranquille devient-il effervescent\u00a0? Comprendre les myst\u00e8res de l\u2019\u00e9laboration depuis la v\u00e9raison jusqu\u2019aux fines bulles qui s\u2019\u00e9lancent du fond de vos fl\u00fbtes.<\/p>\t\t\t\t\t\t<\/div>\n\t\t\t\t<\/div>\n\t\t\t\t\t<\/div>\n\t\t<\/div>\n\t\t\t\t\t<\/div>\n\t\t<\/section>\n\t\t\t\t<section class=\"elementor-section elementor-top-section elementor-element elementor-element-c5f46ea elementor-section-height-min-height elementor-section-content-middle elementor-reverse-mobile elementor-section-boxed elementor-section-height-default elementor-section-items-middle\" data-id=\"c5f46ea\" data-element_type=\"section\" data-settings=\"{&quot;background_background&quot;:&quot;none&quot;}\">\n\t\t\t\t\t\t<div class=\"elementor-container elementor-column-gap-default\">\n\t\t\t\t\t<div class=\"elementor-column elementor-col-50 elementor-top-column elementor-element elementor-element-23eefac\" data-id=\"23eefac\" data-element_type=\"column\">\n\t\t\t<div class=\"elementor-widget-wrap elementor-element-populated\">\n\t\t\t\t\t\t<div class=\"elementor-element elementor-element-345e276 elementor-widget-divider--view-line elementor-widget elementor-widget-divider\" data-id=\"345e276\" data-element_type=\"widget\" data-widget_type=\"divider.default\">\n\t\t\t\t<div class=\"elementor-widget-container\">\n\t\t\t\t\t<div class=\"elementor-divider\">\n\t\t\t<span class=\"elementor-divider-separator\">\n\t\t\t\t\t\t<\/span>\n\t\t<\/div>\n\t\t\t\t<\/div>\n\t\t\t\t<\/div>\n\t\t\t\t<div class=\"elementor-element elementor-element-3305d24 elementor-widget elementor-widget-heading\" data-id=\"3305d24\" data-element_type=\"widget\" data-widget_type=\"heading.default\">\n\t\t\t\t<div class=\"elementor-widget-container\">\n\t\t\t<h3 class=\"elementor-heading-title elementor-size-large\">Ap\u00e9ritifs oenologiques<\/h3>\t\t<\/div>\n\t\t\t\t<\/div>\n\t\t\t\t<div class=\"elementor-element elementor-element-32d1826 elementor-widget elementor-widget-text-editor\" data-id=\"32d1826\" data-element_type=\"widget\" data-widget_type=\"text-editor.default\">\n\t\t\t\t<div class=\"elementor-widget-container\">\n\t\t\t\t\t\t\t<p>Dans un cadre priv\u00e9 ou professionnel (team building), partez \u00e0 la d\u00e9couverte des vins r\u00e9gionaux, nationaux ou internationaux.<\/p><p>Saisonnalit\u00e9, moment de la journ\u00e9e, occasion : partagez avec convivialit\u00e9 entre coll\u00e8gues de travail, entre amis ou en famille. Soyeux curieux et d\u00e9gustez la s\u00e9lection comment\u00e9e et servie par le sommelier sur le lieu de votre choix.<\/p>\t\t\t\t\t\t<\/div>\n\t\t\t\t<\/div>\n\t\t\t\t\t<\/div>\n\t\t<\/div>\n\t\t\t\t<div class=\"elementor-column elementor-col-50 elementor-top-column elementor-element elementor-element-e088991\" data-id=\"e088991\" data-element_type=\"column\">\n\t\t\t<div class=\"elementor-widget-wrap elementor-element-populated\">\n\t\t\t\t\t\t<div class=\"elementor-element elementor-element-a0f3370 elementor-widget elementor-widget-image\" data-id=\"a0f3370\" data-element_type=\"widget\" data-widget_type=\"image.default\">\n\t\t\t\t<div class=\"elementor-widget-container\">\n\t\t\t\t\t\t\t\t\t\t\t\t\t<img decoding=\"async\" width=\"2560\" height=\"1707\" src=\"https:\/\/levinselongeorges.com\/wp-content\/uploads\/2021\/01\/big-dodzy-saw2ahar17s-unsplash-scaled.jpg\" class=\"attachment-full size-full wp-image-458\" alt=\"Animations oenologique\" srcset=\"https:\/\/levinselongeorges.com\/wp-content\/uploads\/2021\/01\/big-dodzy-saw2ahar17s-unsplash-scaled.jpg 2560w, https:\/\/levinselongeorges.com\/wp-content\/uploads\/2021\/01\/big-dodzy-saw2ahar17s-unsplash-300x200.jpg 300w, https:\/\/levinselongeorges.com\/wp-content\/uploads\/2021\/01\/big-dodzy-saw2ahar17s-unsplash-1024x683.jpg 1024w, https:\/\/levinselongeorges.com\/wp-content\/uploads\/2021\/01\/big-dodzy-saw2ahar17s-unsplash-768x512.jpg 768w, https:\/\/levinselongeorges.com\/wp-content\/uploads\/2021\/01\/big-dodzy-saw2ahar17s-unsplash-1536x1024.jpg 1536w, https:\/\/levinselongeorges.com\/wp-content\/uploads\/2021\/01\/big-dodzy-saw2ahar17s-unsplash-2048x1365.jpg 2048w\" sizes=\"(max-width: 2560px) 100vw, 2560px\" \/>\t\t\t\t\t\t\t\t\t\t\t\t\t<\/div>\n\t\t\t\t<\/div>\n\t\t\t\t\t<\/div>\n\t\t<\/div>\n\t\t\t\t\t<\/div>\n\t\t<\/section>\n\t\t\t\t<section class=\"elementor-section elementor-top-section elementor-element elementor-element-564d822 elementor-section-height-min-height elementor-section-content-middle elementor-reverse-mobile elementor-section-boxed elementor-section-height-default elementor-section-items-middle\" data-id=\"564d822\" data-element_type=\"section\" data-settings=\"{&quot;background_background&quot;:&quot;none&quot;}\">\n\t\t\t\t\t\t<div class=\"elementor-container elementor-column-gap-default\">\n\t\t\t\t\t<div class=\"elementor-column elementor-col-50 elementor-top-column elementor-element elementor-element-e3e7c91\" data-id=\"e3e7c91\" data-element_type=\"column\">\n\t\t\t<div class=\"elementor-widget-wrap elementor-element-populated\">\n\t\t\t\t\t\t<div class=\"elementor-element elementor-element-5bb9dd3 elementor-widget elementor-widget-image\" data-id=\"5bb9dd3\" data-element_type=\"widget\" data-widget_type=\"image.default\">\n\t\t\t\t<div class=\"elementor-widget-container\">\n\t\t\t\t\t\t\t\t\t\t\t\t\t<img decoding=\"async\" width=\"2560\" height=\"1707\" src=\"https:\/\/levinselongeorges.com\/wp-content\/uploads\/2020\/11\/jay-wennington-N_Y88TWmGwA-unsplash-scaled.jpg\" class=\"attachment-full size-full wp-image-180\" alt=\"\" srcset=\"https:\/\/levinselongeorges.com\/wp-content\/uploads\/2020\/11\/jay-wennington-N_Y88TWmGwA-unsplash-scaled.jpg 2560w, https:\/\/levinselongeorges.com\/wp-content\/uploads\/2020\/11\/jay-wennington-N_Y88TWmGwA-unsplash-300x200.jpg 300w, https:\/\/levinselongeorges.com\/wp-content\/uploads\/2020\/11\/jay-wennington-N_Y88TWmGwA-unsplash-1024x683.jpg 1024w, https:\/\/levinselongeorges.com\/wp-content\/uploads\/2020\/11\/jay-wennington-N_Y88TWmGwA-unsplash-768x512.jpg 768w, https:\/\/levinselongeorges.com\/wp-content\/uploads\/2020\/11\/jay-wennington-N_Y88TWmGwA-unsplash-1536x1024.jpg 1536w, https:\/\/levinselongeorges.com\/wp-content\/uploads\/2020\/11\/jay-wennington-N_Y88TWmGwA-unsplash-2048x1365.jpg 2048w, https:\/\/levinselongeorges.com\/wp-content\/uploads\/2020\/11\/jay-wennington-N_Y88TWmGwA-unsplash-612x408.jpg 612w, https:\/\/levinselongeorges.com\/wp-content\/uploads\/2020\/11\/jay-wennington-N_Y88TWmGwA-unsplash-1224x816.jpg 1224w, https:\/\/levinselongeorges.com\/wp-content\/uploads\/2020\/11\/jay-wennington-N_Y88TWmGwA-unsplash-936x624.jpg 936w, https:\/\/levinselongeorges.com\/wp-content\/uploads\/2020\/11\/jay-wennington-N_Y88TWmGwA-unsplash-1872x1248.jpg 1872w, https:\/\/levinselongeorges.com\/wp-content\/uploads\/2020\/11\/jay-wennington-N_Y88TWmGwA-unsplash-1440x960.jpg 1440w, https:\/\/levinselongeorges.com\/wp-content\/uploads\/2020\/11\/jay-wennington-N_Y88TWmGwA-unsplash-720x480.jpg 720w\" sizes=\"(max-width: 2560px) 100vw, 2560px\" \/>\t\t\t\t\t\t\t\t\t\t\t\t\t<\/div>\n\t\t\t\t<\/div>\n\t\t\t\t\t<\/div>\n\t\t<\/div>\n\t\t\t\t<div class=\"elementor-column elementor-col-50 elementor-top-column elementor-element elementor-element-ae43721\" data-id=\"ae43721\" data-element_type=\"column\">\n\t\t\t<div class=\"elementor-widget-wrap elementor-element-populated\">\n\t\t\t\t\t\t<div class=\"elementor-element elementor-element-e182063 elementor-widget-divider--view-line elementor-widget elementor-widget-divider\" data-id=\"e182063\" data-element_type=\"widget\" data-widget_type=\"divider.default\">\n\t\t\t\t<div class=\"elementor-widget-container\">\n\t\t\t\t\t<div class=\"elementor-divider\">\n\t\t\t<span class=\"elementor-divider-separator\">\n\t\t\t\t\t\t<\/span>\n\t\t<\/div>\n\t\t\t\t<\/div>\n\t\t\t\t<\/div>\n\t\t\t\t<div class=\"elementor-element elementor-element-494c920 elementor-widget elementor-widget-heading\" data-id=\"494c920\" data-element_type=\"widget\" data-widget_type=\"heading.default\">\n\t\t\t\t<div class=\"elementor-widget-container\">\n\t\t\t<h3 class=\"elementor-heading-title elementor-size-large\">Soir\u00e9es accords mets & Vins<\/h3>\t\t<\/div>\n\t\t\t\t<\/div>\n\t\t\t\t<div class=\"elementor-element elementor-element-20decb1 elementor-widget elementor-widget-text-editor\" data-id=\"20decb1\" data-element_type=\"widget\" data-widget_type=\"text-editor.default\">\n\t\t\t\t<div class=\"elementor-widget-container\">\n\t\t\t\t\t\t\t<p>Au restaurant ou \u00e0 domicile, partagez la magie de l&rsquo;accord mets et vins. Vous d\u00e9couvrirez ou red\u00e9couvrirez un Domaine, une Maison, un personnage, des produits. Et vous aurez \u00e9galement la possibilit\u00e9 d&rsquo;acheter \u00e0 prix int\u00e9ressants \u00e0 la fin de la soir\u00e9e ce qui vous aura s\u00e9duit lors de votre d\u00e9gustation.<\/p>\t\t\t\t\t\t<\/div>\n\t\t\t\t<\/div>\n\t\t\t\t\t<\/div>\n\t\t<\/div>\n\t\t\t\t\t<\/div>\n\t\t<\/section>\n\t\t\t\t<section class=\"elementor-section elementor-top-section elementor-element elementor-element-72b817c elementor-section-height-min-height elementor-section-content-middle elementor-reverse-mobile elementor-section-boxed elementor-section-height-default elementor-section-items-middle\" data-id=\"72b817c\" data-element_type=\"section\" data-settings=\"{&quot;background_background&quot;:&quot;none&quot;}\">\n\t\t\t\t\t\t<div class=\"elementor-container elementor-column-gap-default\">\n\t\t\t\t\t<div class=\"elementor-column elementor-col-50 elementor-top-column elementor-element elementor-element-d32d0ad\" data-id=\"d32d0ad\" data-element_type=\"column\">\n\t\t\t<div class=\"elementor-widget-wrap elementor-element-populated\">\n\t\t\t\t\t\t<div class=\"elementor-element elementor-element-b048d42 elementor-widget-divider--view-line elementor-widget elementor-widget-divider\" data-id=\"b048d42\" data-element_type=\"widget\" data-widget_type=\"divider.default\">\n\t\t\t\t<div class=\"elementor-widget-container\">\n\t\t\t\t\t<div class=\"elementor-divider\">\n\t\t\t<span class=\"elementor-divider-separator\">\n\t\t\t\t\t\t<\/span>\n\t\t<\/div>\n\t\t\t\t<\/div>\n\t\t\t\t<\/div>\n\t\t\t\t<div class=\"elementor-element elementor-element-e612590 elementor-widget elementor-widget-heading\" data-id=\"e612590\" data-element_type=\"widget\" data-widget_type=\"heading.default\">\n\t\t\t\t<div class=\"elementor-widget-container\">\n\t\t\t<h3 class=\"elementor-heading-title elementor-size-large\">Visites guid\u00e9es d'un domaine viticole &amp; d\u00e9gustation<\/h3>\t\t<\/div>\n\t\t\t\t<\/div>\n\t\t\t\t<div class=\"elementor-element elementor-element-b9834dd elementor-widget elementor-widget-text-editor\" data-id=\"b9834dd\" data-element_type=\"widget\" data-widget_type=\"text-editor.default\">\n\t\t\t\t<div class=\"elementor-widget-container\">\n\t\t\t\t\t\t\t<p>Une approche interactive visant \u00e0 nous rappeler que derri\u00e8re chaque \u00ab\u00a0flacon\u00a0\u00bb se cache un homme ou une femme m\u00e9ritant d&rsquo;\u00eatre connue (e) et reconnu(e) et que sans leur travail, ce patrimoine viticole dont nous sommes fiers n&rsquo;existerait pas.\u00a0<\/p>\t\t\t\t\t\t<\/div>\n\t\t\t\t<\/div>\n\t\t\t\t\t<\/div>\n\t\t<\/div>\n\t\t\t\t<div class=\"elementor-column elementor-col-50 elementor-top-column elementor-element elementor-element-a92f43e\" data-id=\"a92f43e\" data-element_type=\"column\">\n\t\t\t<div class=\"elementor-widget-wrap elementor-element-populated\">\n\t\t\t\t\t\t<div class=\"elementor-element elementor-element-47b4aea elementor-widget elementor-widget-image\" data-id=\"47b4aea\" data-element_type=\"widget\" data-widget_type=\"image.default\">\n\t\t\t\t<div class=\"elementor-widget-container\">\n\t\t\t\t\t\t\t\t\t\t\t\t\t<img loading=\"lazy\" decoding=\"async\" width=\"2560\" height=\"1707\" src=\"https:\/\/levinselongeorges.com\/wp-content\/uploads\/2021\/01\/rodrigo-abreu-Cj4CWKQllOM-unsplash-scaled.jpg\" class=\"attachment-full size-full wp-image-459\" alt=\"Visite domaines\" srcset=\"https:\/\/levinselongeorges.com\/wp-content\/uploads\/2021\/01\/rodrigo-abreu-Cj4CWKQllOM-unsplash-scaled.jpg 2560w, https:\/\/levinselongeorges.com\/wp-content\/uploads\/2021\/01\/rodrigo-abreu-Cj4CWKQllOM-unsplash-300x200.jpg 300w, https:\/\/levinselongeorges.com\/wp-content\/uploads\/2021\/01\/rodrigo-abreu-Cj4CWKQllOM-unsplash-1024x683.jpg 1024w, https:\/\/levinselongeorges.com\/wp-content\/uploads\/2021\/01\/rodrigo-abreu-Cj4CWKQllOM-unsplash-768x512.jpg 768w, https:\/\/levinselongeorges.com\/wp-content\/uploads\/2021\/01\/rodrigo-abreu-Cj4CWKQllOM-unsplash-1536x1024.jpg 1536w, https:\/\/levinselongeorges.com\/wp-content\/uploads\/2021\/01\/rodrigo-abreu-Cj4CWKQllOM-unsplash-2048x1365.jpg 2048w\" sizes=\"(max-width: 2560px) 100vw, 2560px\" \/>\t\t\t\t\t\t\t\t\t\t\t\t\t<\/div>\n\t\t\t\t<\/div>\n\t\t\t\t\t<\/div>\n\t\t<\/div>\n\t\t\t\t\t<\/div>\n\t\t<\/section>\n\t\t\t\t<section class=\"elementor-section elementor-top-section elementor-element elementor-element-43a28e7 elementor-section-height-min-height elementor-section-content-middle elementor-reverse-mobile elementor-section-boxed elementor-section-height-default elementor-section-items-middle\" data-id=\"43a28e7\" data-element_type=\"section\" data-settings=\"{&quot;background_background&quot;:&quot;none&quot;}\">\n\t\t\t\t\t\t<div class=\"elementor-container elementor-column-gap-default\">\n\t\t\t\t\t<div class=\"elementor-column elementor-col-50 elementor-top-column elementor-element elementor-element-7f021d2\" data-id=\"7f021d2\" data-element_type=\"column\">\n\t\t\t<div class=\"elementor-widget-wrap elementor-element-populated\">\n\t\t\t\t\t\t<div class=\"elementor-element elementor-element-1ee4224 elementor-widget elementor-widget-image\" data-id=\"1ee4224\" data-element_type=\"widget\" data-widget_type=\"image.default\">\n\t\t\t\t<div class=\"elementor-widget-container\">\n\t\t\t\t\t\t\t\t\t\t\t\t\t<img loading=\"lazy\" decoding=\"async\" width=\"2560\" height=\"1707\" src=\"https:\/\/levinselongeorges.com\/wp-content\/uploads\/2021\/01\/zan-WrueFKpTlQs-unsplash-scaled.jpg\" class=\"attachment-full size-full wp-image-402\" alt=\"\" srcset=\"https:\/\/levinselongeorges.com\/wp-content\/uploads\/2021\/01\/zan-WrueFKpTlQs-unsplash-scaled.jpg 2560w, https:\/\/levinselongeorges.com\/wp-content\/uploads\/2021\/01\/zan-WrueFKpTlQs-unsplash-300x200.jpg 300w, https:\/\/levinselongeorges.com\/wp-content\/uploads\/2021\/01\/zan-WrueFKpTlQs-unsplash-1024x683.jpg 1024w, https:\/\/levinselongeorges.com\/wp-content\/uploads\/2021\/01\/zan-WrueFKpTlQs-unsplash-768x512.jpg 768w, https:\/\/levinselongeorges.com\/wp-content\/uploads\/2021\/01\/zan-WrueFKpTlQs-unsplash-1536x1024.jpg 1536w, https:\/\/levinselongeorges.com\/wp-content\/uploads\/2021\/01\/zan-WrueFKpTlQs-unsplash-2048x1365.jpg 2048w\" sizes=\"(max-width: 2560px) 100vw, 2560px\" \/>\t\t\t\t\t\t\t\t\t\t\t\t\t<\/div>\n\t\t\t\t<\/div>\n\t\t\t\t\t<\/div>\n\t\t<\/div>\n\t\t\t\t<div class=\"elementor-column elementor-col-50 elementor-top-column elementor-element elementor-element-c554e34\" data-id=\"c554e34\" data-element_type=\"column\">\n\t\t\t<div class=\"elementor-widget-wrap elementor-element-populated\">\n\t\t\t\t\t\t<div class=\"elementor-element elementor-element-c5ec0a3 elementor-widget-divider--view-line elementor-widget elementor-widget-divider\" data-id=\"c5ec0a3\" data-element_type=\"widget\" data-widget_type=\"divider.default\">\n\t\t\t\t<div class=\"elementor-widget-container\">\n\t\t\t\t\t<div class=\"elementor-divider\">\n\t\t\t<span class=\"elementor-divider-separator\">\n\t\t\t\t\t\t<\/span>\n\t\t<\/div>\n\t\t\t\t<\/div>\n\t\t\t\t<\/div>\n\t\t\t\t<div class=\"elementor-element elementor-element-37a4e46 elementor-widget elementor-widget-heading\" data-id=\"37a4e46\" data-element_type=\"widget\" data-widget_type=\"heading.default\">\n\t\t\t\t<div class=\"elementor-widget-container\">\n\t\t\t<h3 class=\"elementor-heading-title elementor-size-large\">ACCOMPAGNEMENT DANS L'ORGANISATION DE VOTRE \u00c9V\u00c9NEMENT\u200b<\/h3>\t\t<\/div>\n\t\t\t\t<\/div>\n\t\t\t\t<div class=\"elementor-element elementor-element-ba1e7e9 elementor-widget elementor-widget-text-editor\" data-id=\"ba1e7e9\" data-element_type=\"widget\" data-widget_type=\"text-editor.default\">\n\t\t\t\t<div class=\"elementor-widget-container\">\n\t\t\t\t\t\t\t<p>Mariages, bapt\u00eames, r\u00e9unions de famille, d\u00e9part \u00e0 la retraite ? Proposition de vins en accord avec votre repas.<\/p>\t\t\t\t\t\t<\/div>\n\t\t\t\t<\/div>\n\t\t\t\t\t<\/div>\n\t\t<\/div>\n\t\t\t\t\t<\/div>\n\t\t<\/section>\n\t\t\t\t<\/div>\n\t\t","protected":false},"excerpt":{"rendered":"<p>ANIMATIONS OENOLOGIQUES D\u00e9couvrez de nombreuses animations ludiques sur mesures pour d\u00e9couvrir ou approfondir vos connaissances du monde viticole et de la d\u00e9gustation.\u00a0 ANIMATIONs de groupe S\u00e9ances ludiques d\u2019une heure trente \u00e0 deux heures. \u00ab\u00a0Apprenons \u00e0 d\u00e9guster\u00a0\u00bbEn d\u00e9gustation tout est question de gout personnel, nous appr\u00e9cions plus ou moins chacun de mani\u00e8re diff\u00e9rente un vin. Cependant [&hellip;]<\/p>\n","protected":false},"author":1,"featured_media":0,"parent":0,"menu_order":0,"comment_status":"closed","ping_status":"closed","template":"","meta":{"footnotes":""},"class_list":["post-155","page","type-page","status-publish","hentry"],"_links":{"self":[{"href":"https:\/\/levinselongeorges.com\/index.php\/wp-json\/wp\/v2\/pages\/155","targetHints":{"allow":["GET"]}}],"collection":[{"href":"https:\/\/levinselongeorges.com\/index.php\/wp-json\/wp\/v2\/pages"}],"about":[{"href":"https:\/\/levinselongeorges.com\/index.php\/wp-json\/wp\/v2\/types\/page"}],"author":[{"embeddable":true,"href":"https:\/\/levinselongeorges.com\/index.php\/wp-json\/wp\/v2\/users\/1"}],"replies":[{"embeddable":true,"href":"https:\/\/levinselongeorges.com\/index.php\/wp-json\/wp\/v2\/comments?post=155"}],"version-history":[{"count":72,"href":"https:\/\/levinselongeorges.com\/index.php\/wp-json\/wp\/v2\/pages\/155\/revisions"}],"predecessor-version":[{"id":735,"href":"https:\/\/levinselongeorges.com\/index.php\/wp-json\/wp\/v2\/pages\/155\/revisions\/735"}],"wp:attachment":[{"href":"https:\/\/levinselongeorges.com\/index.php\/wp-json\/wp\/v2\/media?parent=155"}],"curies":[{"name":"wp","href":"https:\/\/api.w.org\/{rel}","templated":true}]}}