{"id":150,"date":"2020-11-14T14:59:54","date_gmt":"2020-11-14T13:59:54","guid":{"rendered":"http:\/\/levinselongeorges.com\/?page_id=150"},"modified":"2025-03-09T16:53:03","modified_gmt":"2025-03-09T15:53:03","slug":"formations","status":"publish","type":"page","link":"https:\/\/levinselongeorges.com\/index.php\/formations\/","title":{"rendered":"FORMATIONS"},"content":{"rendered":"\t\t<div data-elementor-type=\"wp-page\" data-elementor-id=\"150\" class=\"elementor elementor-150\" data-elementor-post-type=\"page\">\n\t\t\t\t\t\t<section class=\"elementor-section elementor-top-section elementor-element elementor-element-47bfa7f8 elementor-section-height-min-height elementor-section-boxed elementor-section-height-default elementor-section-items-middle\" data-id=\"47bfa7f8\" data-element_type=\"section\" data-settings=\"{&quot;background_background&quot;:&quot;classic&quot;}\">\n\t\t\t\t\t\t\t<div class=\"elementor-background-overlay\"><\/div>\n\t\t\t\t\t\t\t<div class=\"elementor-container elementor-column-gap-default\">\n\t\t\t\t\t<div class=\"elementor-column elementor-col-100 elementor-top-column elementor-element elementor-element-583e9460\" data-id=\"583e9460\" data-element_type=\"column\">\n\t\t\t<div class=\"elementor-widget-wrap elementor-element-populated\">\n\t\t\t\t\t\t<div class=\"elementor-element elementor-element-65772ca1 elementor-widget elementor-widget-heading\" data-id=\"65772ca1\" data-element_type=\"widget\" data-widget_type=\"heading.default\">\n\t\t\t\t<div class=\"elementor-widget-container\">\n\t\t\t<h2 class=\"elementor-heading-title elementor-size-large\">FORMATIONS PROFESSIONNELLES<\/h2>\t\t<\/div>\n\t\t\t\t<\/div>\n\t\t\t\t<div class=\"elementor-element elementor-element-534d7f87 elementor-widget-divider--view-line elementor-widget elementor-widget-divider\" data-id=\"534d7f87\" data-element_type=\"widget\" data-widget_type=\"divider.default\">\n\t\t\t\t<div class=\"elementor-widget-container\">\n\t\t\t\t\t<div class=\"elementor-divider\">\n\t\t\t<span class=\"elementor-divider-separator\">\n\t\t\t\t\t\t<\/span>\n\t\t<\/div>\n\t\t\t\t<\/div>\n\t\t\t\t<\/div>\n\t\t\t\t<div class=\"elementor-element elementor-element-52a0c59a elementor-widget elementor-widget-heading\" data-id=\"52a0c59a\" data-element_type=\"widget\" data-widget_type=\"heading.default\">\n\t\t\t\t<div class=\"elementor-widget-container\">\n\t\t\t<p class=\"elementor-heading-title elementor-size-medium\">Formations pour les restaurateurs, m\u00e9tiers de bouches, cavistes, caveaux de ventes ou domaines viticoles.<\/p>\t\t<\/div>\n\t\t\t\t<\/div>\n\t\t\t\t\t<\/div>\n\t\t<\/div>\n\t\t\t\t\t<\/div>\n\t\t<\/section>\n\t\t\t\t<section class=\"elementor-section elementor-top-section elementor-element elementor-element-f86ab63 elementor-section-boxed elementor-section-height-default elementor-section-height-default\" data-id=\"f86ab63\" data-element_type=\"section\">\n\t\t\t\t\t\t<div class=\"elementor-container elementor-column-gap-default\">\n\t\t\t\t\t<div class=\"elementor-column elementor-col-100 elementor-top-column elementor-element elementor-element-5a6805c9\" data-id=\"5a6805c9\" data-element_type=\"column\">\n\t\t\t<div class=\"elementor-widget-wrap elementor-element-populated\">\n\t\t\t\t\t\t<div class=\"elementor-element elementor-element-5d34dfba elementor-widget elementor-widget-heading\" data-id=\"5d34dfba\" data-element_type=\"widget\" data-widget_type=\"heading.default\">\n\t\t\t\t<div class=\"elementor-widget-container\">\n\t\t\t<h3 class=\"elementor-heading-title elementor-size-large\">Optimiser vos ventes et fid\u00e9liser vos clients \n<\/h3>\t\t<\/div>\n\t\t\t\t<\/div>\n\t\t\t\t<div class=\"elementor-element elementor-element-534d2ce7 elementor-widget-divider--view-line elementor-widget elementor-widget-divider\" data-id=\"534d2ce7\" data-element_type=\"widget\" data-widget_type=\"divider.default\">\n\t\t\t\t<div class=\"elementor-widget-container\">\n\t\t\t\t\t<div class=\"elementor-divider\">\n\t\t\t<span class=\"elementor-divider-separator\">\n\t\t\t\t\t\t<\/span>\n\t\t<\/div>\n\t\t\t\t<\/div>\n\t\t\t\t<\/div>\n\t\t\t\t<section class=\"elementor-section elementor-inner-section elementor-element elementor-element-dd490ec elementor-section-boxed elementor-section-height-default elementor-section-height-default\" data-id=\"dd490ec\" data-element_type=\"section\">\n\t\t\t\t\t\t<div class=\"elementor-container elementor-column-gap-default\">\n\t\t\t\t\t<div class=\"elementor-column elementor-col-100 elementor-inner-column elementor-element elementor-element-1f51a75\" data-id=\"1f51a75\" data-element_type=\"column\">\n\t\t\t<div class=\"elementor-widget-wrap elementor-element-populated\">\n\t\t\t\t\t\t<div class=\"elementor-element elementor-element-14779a6d elementor-vertical-align-middle elementor-widget elementor-widget-image-box\" data-id=\"14779a6d\" data-element_type=\"widget\" data-widget_type=\"image-box.default\">\n\t\t\t\t<div class=\"elementor-widget-container\">\n\t\t\t<div class=\"elementor-image-box-wrapper\"><div class=\"elementor-image-box-content\"><h3 class=\"elementor-image-box-title\">Comment \u00e7a marche\u00a0?<\/h3><p class=\"elementor-image-box-description\">Gr\u00e2ce \u00e0 des ann\u00e9es d\u2019exp\u00e9riences \u00ab sur le terrain \u00bb tant en restauration que sur les domaines viticoles, plusieurs types de formations sur mesure permettront aux stagiaires de d\u00e9velopper, d\u2019am\u00e9liorer ou d\u2019approfondir leurs connaissances en mati\u00e8re d\u2019\u0153nologie, de service en salle, de techniques de vente...\nCes formations se d\u00e9roulent sur site et sont donc adapt\u00e9es au cas par cas en fonction de vos attentes et du niveau des stagiaires.<\/p><\/div><\/div>\t\t<\/div>\n\t\t\t\t<\/div>\n\t\t\t\t<div class=\"elementor-element elementor-element-9f80f28 elementor-vertical-align-middle elementor-widget elementor-widget-image-box\" data-id=\"9f80f28\" data-element_type=\"widget\" data-widget_type=\"image-box.default\">\n\t\t\t\t<div class=\"elementor-widget-container\">\n\t\t\t<div class=\"elementor-image-box-wrapper\"><div class=\"elementor-image-box-content\"><p class=\"elementor-image-box-description\">Formateur, Georges Gracia s\u2019occupe de l\u2019int\u00e9gralit\u00e9 du dossier, de la demande de prise en charge aupr\u00e8s de votre OPCA jusqu\u2019\u00e0 son financement.<br>Quelques exemples de formations r\u00e9alis\u00e9es au sein de votre \u00e9tablissement. <\/p><\/div><\/div>\t\t<\/div>\n\t\t\t\t<\/div>\n\t\t\t\t\t<\/div>\n\t\t<\/div>\n\t\t\t\t\t<\/div>\n\t\t<\/section>\n\t\t\t\t<section class=\"elementor-section elementor-inner-section elementor-element elementor-element-30a0a28e elementor-section-boxed elementor-section-height-default elementor-section-height-default\" data-id=\"30a0a28e\" data-element_type=\"section\">\n\t\t\t\t\t\t<div class=\"elementor-container elementor-column-gap-wider\">\n\t\t\t\t\t<div class=\"elementor-column elementor-col-50 elementor-inner-column elementor-element elementor-element-3e307b81\" data-id=\"3e307b81\" data-element_type=\"column\">\n\t\t\t<div class=\"elementor-widget-wrap elementor-element-populated\">\n\t\t\t\t\t\t<div class=\"elementor-element elementor-element-14176e5 elementor-position-left elementor-vertical-align-middle elementor-widget elementor-widget-image-box\" data-id=\"14176e5\" data-element_type=\"widget\" data-widget_type=\"image-box.default\">\n\t\t\t\t<div class=\"elementor-widget-container\">\n\t\t\t<div class=\"elementor-image-box-wrapper\"><figure class=\"elementor-image-box-img\"><img decoding=\"async\" width=\"128\" height=\"128\" src=\"https:\/\/levinselongeorges.com\/wp-content\/uploads\/2021\/01\/wine-tasting.png\" class=\"attachment-full size-full wp-image-475\" alt=\"\" \/><\/figure><div class=\"elementor-image-box-content\"><h3 class=\"elementor-image-box-title\">Optimiser la vente de vin au verre au restaurant<\/h3><p class=\"elementor-image-box-description\">Acqu\u00e9rir et\/ou approfondir les connaissances n\u00e9cessaires pour d\u00e9velopper la vente additionnelle.<\/p><\/div><\/div>\t\t<\/div>\n\t\t\t\t<\/div>\n\t\t\t\t<div class=\"elementor-element elementor-element-3b04ee77 elementor-position-left elementor-vertical-align-middle elementor-widget elementor-widget-image-box\" data-id=\"3b04ee77\" data-element_type=\"widget\" data-widget_type=\"image-box.default\">\n\t\t\t\t<div class=\"elementor-widget-container\">\n\t\t\t<div class=\"elementor-image-box-wrapper\"><figure class=\"elementor-image-box-img\"><img decoding=\"async\" width=\"128\" height=\"128\" src=\"https:\/\/levinselongeorges.com\/wp-content\/uploads\/2021\/01\/wine.png\" class=\"attachment-thumbnail size-thumbnail wp-image-476\" alt=\"\" \/><\/figure><div class=\"elementor-image-box-content\"><h3 class=\"elementor-image-box-title\">L'accord mets & vins<\/h3><p class=\"elementor-image-box-description\">Rechercher l\u2019harmonie en tenant compte des vins propos\u00e9s \u00e0 la carte, des go\u00fbts personnels du client, du nombre de convives, de la composition des plats, de la saison, du prix.<\/p><\/div><\/div>\t\t<\/div>\n\t\t\t\t<\/div>\n\t\t\t\t<div class=\"elementor-element elementor-element-55b7af53 elementor-position-left elementor-vertical-align-middle elementor-widget elementor-widget-image-box\" data-id=\"55b7af53\" data-element_type=\"widget\" data-widget_type=\"image-box.default\">\n\t\t\t\t<div class=\"elementor-widget-container\">\n\t\t\t<div class=\"elementor-image-box-wrapper\"><figure class=\"elementor-image-box-img\"><img decoding=\"async\" width=\"128\" height=\"128\" src=\"https:\/\/levinselongeorges.com\/wp-content\/uploads\/2021\/01\/wine-2.png\" class=\"attachment-thumbnail size-thumbnail wp-image-474\" alt=\"\" \/><\/figure><div class=\"elementor-image-box-content\"><h3 class=\"elementor-image-box-title\">Conna\u00eetre les vins des diff\u00e9rentes r\u00e9gions viticoles<\/h3><p class=\"elementor-image-box-description\">\u00c9tude des diff\u00e9rents types de vin d\u2019une r\u00e9gion choisie, g\u00e9ologie, situation g\u00e9ographique, c\u00e9pages et caract\u00e9ristiques propres. <\/p><\/div><\/div>\t\t<\/div>\n\t\t\t\t<\/div>\n\t\t\t\t\t<\/div>\n\t\t<\/div>\n\t\t\t\t<div class=\"elementor-column elementor-col-50 elementor-inner-column elementor-element elementor-element-2a66dc53\" data-id=\"2a66dc53\" data-element_type=\"column\">\n\t\t\t<div class=\"elementor-widget-wrap elementor-element-populated\">\n\t\t\t\t\t\t<div class=\"elementor-element elementor-element-4824062f elementor-position-left elementor-vertical-align-middle elementor-widget elementor-widget-image-box\" data-id=\"4824062f\" data-element_type=\"widget\" data-widget_type=\"image-box.default\">\n\t\t\t\t<div class=\"elementor-widget-container\">\n\t\t\t<div class=\"elementor-image-box-wrapper\"><figure class=\"elementor-image-box-img\"><img loading=\"lazy\" decoding=\"async\" width=\"128\" height=\"128\" src=\"https:\/\/levinselongeorges.com\/wp-content\/uploads\/2021\/01\/grapes.png\" class=\"attachment-full size-full wp-image-471\" alt=\"\" \/><\/figure><div class=\"elementor-image-box-content\"><h3 class=\"elementor-image-box-title\">L'essentiel du vin<\/h3><p class=\"elementor-image-box-description\">L\u2019\u00e9laboration et la vinification, les rappels des \u00e9tapes successives de la d\u00e9gustation (visuel, olfactif, gustatif).<\/p><\/div><\/div>\t\t<\/div>\n\t\t\t\t<\/div>\n\t\t\t\t<div class=\"elementor-element elementor-element-36c324 elementor-position-left elementor-vertical-align-middle elementor-widget elementor-widget-image-box\" data-id=\"36c324\" data-element_type=\"widget\" data-widget_type=\"image-box.default\">\n\t\t\t\t<div class=\"elementor-widget-container\">\n\t\t\t<div class=\"elementor-image-box-wrapper\"><figure class=\"elementor-image-box-img\"><img loading=\"lazy\" decoding=\"async\" width=\"128\" height=\"128\" src=\"https:\/\/levinselongeorges.com\/wp-content\/uploads\/2021\/01\/field.png\" class=\"attachment-full size-full wp-image-470\" alt=\"\" \/><\/figure><div class=\"elementor-image-box-content\"><h3 class=\"elementor-image-box-title\">Conna\u00eetre les vins du Languedoc Roussillon<\/h3><p class=\"elementor-image-box-description\">\u00c9tude des diff\u00e9rents types de vin du Languedoc Roussillon, g\u00e9ographie, c\u00e9pages et caract\u00e9ristiques propres. <\/p><\/div><\/div>\t\t<\/div>\n\t\t\t\t<\/div>\n\t\t\t\t<div class=\"elementor-element elementor-element-354c557f elementor-position-left elementor-vertical-align-middle elementor-widget elementor-widget-image-box\" data-id=\"354c557f\" data-element_type=\"widget\" data-widget_type=\"image-box.default\">\n\t\t\t\t<div class=\"elementor-widget-container\">\n\t\t\t<div class=\"elementor-image-box-wrapper\"><figure class=\"elementor-image-box-img\"><img loading=\"lazy\" decoding=\"async\" width=\"128\" height=\"128\" src=\"https:\/\/levinselongeorges.com\/wp-content\/uploads\/2021\/01\/wine-1.png\" class=\"attachment-thumbnail size-thumbnail wp-image-473\" alt=\"\" \/><\/figure><div class=\"elementor-image-box-content\"><h3 class=\"elementor-image-box-title\">Le service, la loi et le vin au restaurant<\/h3><p class=\"elementor-image-box-description\">Temp\u00e9ratures et mode de service selon le vin, approvisionnement de la cave, stockage des vins, r\u00e9vision de la carte des vins et notions l\u00e9gales.<\/p><\/div><\/div>\t\t<\/div>\n\t\t\t\t<\/div>\n\t\t\t\t\t<\/div>\n\t\t<\/div>\n\t\t\t\t\t<\/div>\n\t\t<\/section>\n\t\t\t\t<section class=\"elementor-section elementor-inner-section elementor-element elementor-element-eae7874 elementor-section-boxed elementor-section-height-default elementor-section-height-default\" data-id=\"eae7874\" data-element_type=\"section\">\n\t\t\t\t\t\t<div class=\"elementor-container elementor-column-gap-wider\">\n\t\t\t\t\t<div class=\"elementor-column elementor-col-50 elementor-inner-column elementor-element elementor-element-0769d97\" data-id=\"0769d97\" data-element_type=\"column\">\n\t\t\t<div class=\"elementor-widget-wrap elementor-element-populated\">\n\t\t\t\t\t\t<div class=\"elementor-element elementor-element-26bf319 elementor-position-left elementor-vertical-align-middle elementor-widget elementor-widget-image-box\" data-id=\"26bf319\" data-element_type=\"widget\" data-widget_type=\"image-box.default\">\n\t\t\t\t<div class=\"elementor-widget-container\">\n\t\t\t<div class=\"elementor-image-box-wrapper\"><figure class=\"elementor-image-box-img\"><img loading=\"lazy\" decoding=\"async\" width=\"128\" height=\"128\" src=\"https:\/\/levinselongeorges.com\/wp-content\/uploads\/2021\/01\/waiter.png\" class=\"attachment-full size-full wp-image-472\" alt=\"\" \/><\/figure><div class=\"elementor-image-box-content\"><h3 class=\"elementor-image-box-title\">Permis de former<\/h3><p class=\"elementor-image-box-description\">Formation requise pour avoir un apprenti<\/p><\/div><\/div>\t\t<\/div>\n\t\t\t\t<\/div>\n\t\t\t\t\t<\/div>\n\t\t<\/div>\n\t\t\t\t<div class=\"elementor-column elementor-col-50 elementor-inner-column elementor-element elementor-element-d38e5c0\" data-id=\"d38e5c0\" data-element_type=\"column\">\n\t\t\t<div class=\"elementor-widget-wrap elementor-element-populated\">\n\t\t\t\t\t\t<div class=\"elementor-element elementor-element-0400e91 elementor-position-left elementor-vertical-align-middle elementor-widget elementor-widget-image-box\" data-id=\"0400e91\" data-element_type=\"widget\" data-widget_type=\"image-box.default\">\n\t\t\t\t<div class=\"elementor-widget-container\">\n\t\t\t<div class=\"elementor-image-box-wrapper\"><figure class=\"elementor-image-box-img\"><img loading=\"lazy\" decoding=\"async\" width=\"500\" height=\"500\" src=\"https:\/\/levinselongeorges.com\/wp-content\/uploads\/2025\/03\/IRS.jpg\" class=\"attachment-full size-full wp-image-890\" alt=\"\" srcset=\"https:\/\/levinselongeorges.com\/wp-content\/uploads\/2025\/03\/IRS.jpg 500w, https:\/\/levinselongeorges.com\/wp-content\/uploads\/2025\/03\/IRS-300x300.jpg 300w, https:\/\/levinselongeorges.com\/wp-content\/uploads\/2025\/03\/IRS-150x150.jpg 150w\" sizes=\"(max-width: 500px) 100vw, 500px\" \/><\/figure><div class=\"elementor-image-box-content\"><h3 class=\"elementor-image-box-title\">Institut R\u00e9gional de la Sommellerie\u00a0<\/h3><p class=\"elementor-image-box-description\">Formations courtes - Bachelors - Animations tout public autour des vins et spiritueux<\/p><\/div><\/div>\t\t<\/div>\n\t\t\t\t<\/div>\n\t\t\t\t\t<\/div>\n\t\t<\/div>\n\t\t\t\t\t<\/div>\n\t\t<\/section>\n\t\t\t\t\t<\/div>\n\t\t<\/div>\n\t\t\t\t\t<\/div>\n\t\t<\/section>\n\t\t\t\t<\/div>\n\t\t","protected":false},"excerpt":{"rendered":"<p>FORMATIONS PROFESSIONNELLES Formations pour les restaurateurs, m\u00e9tiers de bouches, cavistes, caveaux de ventes ou domaines viticoles. Optimiser vos ventes et fid\u00e9liser vos clients Comment \u00e7a marche\u00a0? Gr\u00e2ce \u00e0 des ann\u00e9es d\u2019exp\u00e9riences \u00ab sur le terrain \u00bb tant en restauration que sur les domaines viticoles, plusieurs types de formations sur mesure permettront aux stagiaires de d\u00e9velopper, [&hellip;]<\/p>\n","protected":false},"author":1,"featured_media":0,"parent":0,"menu_order":0,"comment_status":"closed","ping_status":"closed","template":"","meta":{"footnotes":""},"class_list":["post-150","page","type-page","status-publish","hentry"],"_links":{"self":[{"href":"https:\/\/levinselongeorges.com\/index.php\/wp-json\/wp\/v2\/pages\/150","targetHints":{"allow":["GET"]}}],"collection":[{"href":"https:\/\/levinselongeorges.com\/index.php\/wp-json\/wp\/v2\/pages"}],"about":[{"href":"https:\/\/levinselongeorges.com\/index.php\/wp-json\/wp\/v2\/types\/page"}],"author":[{"embeddable":true,"href":"https:\/\/levinselongeorges.com\/index.php\/wp-json\/wp\/v2\/users\/1"}],"replies":[{"embeddable":true,"href":"https:\/\/levinselongeorges.com\/index.php\/wp-json\/wp\/v2\/comments?post=150"}],"version-history":[{"count":60,"href":"https:\/\/levinselongeorges.com\/index.php\/wp-json\/wp\/v2\/pages\/150\/revisions"}],"predecessor-version":[{"id":893,"href":"https:\/\/levinselongeorges.com\/index.php\/wp-json\/wp\/v2\/pages\/150\/revisions\/893"}],"wp:attachment":[{"href":"https:\/\/levinselongeorges.com\/index.php\/wp-json\/wp\/v2\/media?parent=150"}],"curies":[{"name":"wp","href":"https:\/\/api.w.org\/{rel}","templated":true}]}}